{"id":461,"date":"2023-03-18T20:18:07","date_gmt":"2023-03-19T01:18:07","guid":{"rendered":"https:\/\/colegiooctaviopaz.edu.ec\/?page_id=461"},"modified":"2024-05-15T21:57:13","modified_gmt":"2024-05-16T02:57:13","slug":"resolucion-de-costos","status":"publish","type":"page","link":"https:\/\/colegiooctaviopaz.edu.ec\/index.php\/resolucion-de-costos\/","title":{"rendered":"Resoluci\u00f3n de Costos"},"content":{"rendered":"<p>[et_pb_section fb_built=\u00bb1&#8243; fullwidth=\u00bbon\u00bb custom_padding_last_edited=\u00bbon|phone\u00bb admin_label=\u00bbHeader Section\u00bb _builder_version=\u00bb4.20.2&#8243; background_enable_color=\u00bboff\u00bb background_enable_image=\u00bboff\u00bb width_tablet=\u00bb\u00bb width_phone=\u00bb100%\u00bb width_last_edited=\u00bbon|phone\u00bb max_width_tablet=\u00bb\u00bb max_width_phone=\u00bb100%\u00bb max_width_last_edited=\u00bbon|phone\u00bb module_alignment=\u00bbcenter\u00bb min_height=\u00bb200px\u00bb min_height_last_edited=\u00bboff|phone\u00bb height=\u00bb550px\u00bb height_tablet=\u00bb550px\u00bb height_phone=\u00bb300px\u00bb height_last_edited=\u00bbon|phone\u00bb max_height=\u00bb500px\u00bb custom_margin=\u00bb-30px||-40px||false|false\u00bb custom_margin_tablet=\u00bb-30px||-40px||false|false\u00bb custom_margin_phone=\u00bb-55px|2px|-35px|2px|false|false\u00bb custom_margin_last_edited=\u00bbon|phone\u00bb custom_padding=\u00bb20px||45px||false|false\u00bb custom_padding_tablet=\u00bb20px||45px||false|false\u00bb custom_padding_phone=\u00bb15px||26px||false|false\u00bb top_divider_style=\u00bbclouds2&#8243; top_divider_color=\u00bbrgba(255,255,255,0.3)\u00bb top_divider_height=\u00bb100%\u00bb bottom_divider_height=\u00bb30px\u00bb background_last_edited=\u00bboff|desktop\u00bb background_size_phone=\u00bbcontain\u00bb global_colors_info=\u00bb{}\u00bb background__hover_enabled=\u00bboff|desktop\u00bb min_height__hover_enabled=\u00bbon|hover\u00bb min_height__hover=\u00bb350px\u00bb max_width__hover_enabled=\u00bbon|desktop\u00bb height__hover_enabled=\u00bboff|desktop\u00bb][et_pb_fullwidth_header title=\u00bbUnidad Educativa Particular\u00bb subhead=\u00bb%22OCTAVIO PAZ%22&#8243; text_orientation=\u00bbcenter\u00bb title_tablet=\u00bbUnidad Educativa Particular\u00bb title_phone=\u00bbUnidad Educativa Particular\u00bb title_last_edited=\u00bbon|phone\u00bb content_max_width_tablet=\u00bb100%\u00bb content_max_width_phone=\u00bb100%\u00bb content_max_width_last_edited=\u00bbon|phone\u00bb _builder_version=\u00bb4.24.0&#8243; title_level=\u00bbh4&#8243; title_font=\u00bbRubik|700|||||||\u00bb title_text_align=\u00bbcenter\u00bb title_text_color=\u00bbRGBA(255,255,255,0)\u00bb title_font_size=\u00bb25px\u00bb title_letter_spacing=\u00bb2px\u00bb title_line_height=\u00bb1.4em\u00bb content_font=\u00bbRubik||||||||\u00bb content_text_color=\u00bbRGBA(255,255,255,0)\u00bb content_font_size=\u00bb26px\u00bb content_line_height=\u00bb1.9em\u00bb subhead_font=\u00bbRubik|700|||||||\u00bb subhead_text_align=\u00bbcenter\u00bb subhead_text_color=\u00bbRGBA(255,255,255,0)\u00bb subhead_font_size=\u00bb62px\u00bb subhead_line_height=\u00bb1.2em\u00bb background_color=\u00bb#00253f\u00bb background_image=\u00bbhttps:\/\/colegiooctaviopaz.edu.ec\/wp-content\/uploads\/2024\/05\/Fondo-OP-2024-4.png\u00bb parallax=\u00bbon\u00bb custom_button_one=\u00bbon\u00bb button_one_text_size=\u00bb16px\u00bb button_one_text_color=\u00bb#ffffff\u00bb button_one_bg_color=\u00bb#ff7355&#8243; button_one_border_width=\u00bb15px\u00bb button_one_border_color=\u00bbrgba(210,159,104,0)\u00bb button_one_border_radius=\u00bb100px\u00bb button_one_letter_spacing=\u00bb0px\u00bb button_one_font=\u00bbRubik|700|||||||\u00bb button_one_use_icon=\u00bboff\u00bb custom_button_two=\u00bbon\u00bb button_two_text_size=\u00bb16px\u00bb button_two_text_color=\u00bb#ffffff\u00bb button_two_bg_color=\u00bbrgba(0,0,0,0.6)\u00bb button_two_border_width=\u00bb15px\u00bb button_two_border_color=\u00bbrgba(210,159,104,0)\u00bb button_two_border_radius=\u00bb100px\u00bb button_two_letter_spacing=\u00bb0px\u00bb button_two_font=\u00bbRubik|700|||||||\u00bb button_two_use_icon=\u00bboff\u00bb transform_scale_tablet=\u00bb\u00bb transform_scale_phone=\u00bb\u00bb transform_scale_last_edited=\u00bbon|phone\u00bb transform_translate_tablet=\u00bb\u00bb transform_translate_phone=\u00bb\u00bb transform_translate_last_edited=\u00bbon|phone\u00bb transform_rotate_tablet=\u00bb\u00bb transform_rotate_phone=\u00bb\u00bb transform_rotate_last_edited=\u00bbon|phone\u00bb transform_skew_tablet=\u00bb\u00bb transform_skew_phone=\u00bb\u00bb transform_skew_last_edited=\u00bbon|phone\u00bb transform_origin_tablet=\u00bb\u00bb transform_origin_phone=\u00bb\u00bb transform_origin_last_edited=\u00bbon|phone\u00bb transform_styles_last_edited=\u00bbon|phone\u00bb width=\u00bb100%\u00bb width_tablet=\u00bb100%\u00bb width_phone=\u00bb100%\u00bb width_last_edited=\u00bbon|phone\u00bb max_width_tablet=\u00bb100%\u00bb max_width_phone=\u00bb100%\u00bb max_width_last_edited=\u00bbon|phone\u00bb module_alignment=\u00bbcenter\u00bb min_height=\u00bb600px\u00bb min_height_tablet=\u00bb300px\u00bb min_height_phone=\u00bb280px\u00bb min_height_last_edited=\u00bbon|tablet\u00bb height=\u00bb750px\u00bb height_tablet=\u00bb430px\u00bb height_phone=\u00bb300px\u00bb height_last_edited=\u00bbon|phone\u00bb max_height_tablet=\u00bb500px\u00bb max_height_phone=\u00bb388px\u00bb max_height_last_edited=\u00bbon|phone\u00bb custom_margin=\u00bb0px||0px||false|false\u00bb custom_margin_tablet=\u00bb-15px|0px|-50px|0px|false|false\u00bb custom_margin_phone=\u00bb2px|0px|2px|0px|false|false\u00bb custom_margin_last_edited=\u00bbon|tablet\u00bb custom_padding=\u00bb4vw||20vw||false|false\u00bb custom_padding_tablet=\u00bb5vw|0px|20vw|0px|false|false\u00bb custom_padding_phone=\u00bb15vw|0px|0vw|0px|false|false\u00bb custom_padding_last_edited=\u00bbon|phone\u00bb animation_style=\u00bbslide\u00bb animation_direction=\u00bbbottom\u00bb animation_intensity_slide=\u00bb1%\u00bb hover_enabled=\u00bb0&#8243; title_font_tablet=\u00bbRubik|700|||||||\u00bb title_font_phone=\u00bbRubik|700|||||||\u00bb title_font_last_edited=\u00bbon|desktop\u00bb title_text_align_tablet=\u00bbcenter\u00bb title_text_align_phone=\u00bbcenter\u00bb title_text_align_last_edited=\u00bbon|desktop\u00bb title_font_size_tablet=\u00bb19px\u00bb title_font_size_phone=\u00bb19px\u00bb title_font_size_last_edited=\u00bbon|tablet\u00bb content_font_size_tablet=\u00bb\u00bb content_font_size_phone=\u00bb16px\u00bb content_font_size_last_edited=\u00bbon|phone\u00bb subhead_text_align_tablet=\u00bb\u00bb subhead_text_align_phone=\u00bbcenter\u00bb subhead_text_align_last_edited=\u00bbon|phone\u00bb subhead_font_size_tablet=\u00bb30px\u00bb subhead_font_size_phone=\u00bb24px\u00bb subhead_font_size_last_edited=\u00bbon|phone\u00bb subhead_letter_spacing_tablet=\u00bb0px\u00bb subhead_letter_spacing_phone=\u00bb0px\u00bb subhead_letter_spacing_last_edited=\u00bbon|tablet\u00bb subhead_line_height_tablet=\u00bb1.5em\u00bb subhead_line_height_phone=\u00bb1.2em\u00bb subhead_line_height_last_edited=\u00bbon|tablet\u00bb background_last_edited=\u00bbon|phone\u00bb parallax_tablet=\u00bboff\u00bb parallax_phone=\u00bboff\u00bb parallax_method_phone=\u00bbon\u00bb background_size_tablet=\u00bbcover\u00bb background_size_phone=\u00bbcustom\u00bb background_image_width_phone=\u00bb99%\u00bb background_image_height_phone=\u00bb70%\u00bb background_position_tablet=\u00bbbottom_left\u00bb background_position_phone=\u00bbcenter\u00bb background_vertical_offset_tablet=\u00bb100%\u00bb background_vertical_offset_phone=\u00bb60%\u00bb button_one_bg_color_tablet=\u00bb#ff7355&#8243; button_one_bg_color_phone=\u00bb#ff7355&#8243; button_one_bg_color_last_edited=\u00bbon|phone\u00bb transform_styles_tablet=\u00bb\u00bb transform_styles_phone=\u00bb\u00bb module_alignment_phone=\u00bbcenter\u00bb module_alignment_last_edited=\u00bboff|phone\u00bb child_filter_blur_tablet=\u00bb\u00bb child_filter_blur_phone=\u00bb\u00bb child_filter_blur_last_edited=\u00bbon|phone\u00bb border_radii_tablet=\u00bb\u00bb border_radii_phone=\u00bb\u00bb border_radii_last_edited=\u00bbon|phone\u00bb border_radii_image=\u00bbon|1px|1px|1px|1px\u00bb border_width_all_image=\u00bb0px\u00bb border_style_all_image=\u00bbnone\u00bb border_radii_image_tablet=\u00bbon|1px|1px|1px|1px\u00bb border_radii_image_phone=\u00bbon||||\u00bb border_radii_image_last_edited=\u00bbon|phone\u00bb box_shadow_style=\u00bbpreset6&#8243; box_shadow_vertical=\u00bb-10px\u00bb box_shadow_color=\u00bbrgba(0,0,0,0.2)\u00bb text_shadow_style=\u00bbpreset2&#8243; text_shadow_horizontal_length=\u00bb-0.21em\u00bb text_shadow_vertical_length=\u00bb-0.15em\u00bb text_shadow_blur_strength=\u00bb0.34em\u00bb text_shadow_color=\u00bbRGBA(255,255,255,0)\u00bb button_one_border_radius_hover=\u00bb100px\u00bb button_two_border_radius_hover=\u00bb100px\u00bb button_one_bg_color_hover=\u00bb#ff8a70&#8243; button_two_bg_color_hover=\u00bb#ff8a70&#8243; global_colors_info=\u00bb{}\u00bb button_one_text_size__hover_enabled=\u00bboff\u00bb button_two_text_size__hover_enabled=\u00bboff\u00bb button_one_text_color__hover_enabled=\u00bboff\u00bb button_two_text_color__hover_enabled=\u00bboff\u00bb button_one_border_width__hover_enabled=\u00bboff\u00bb button_two_border_width__hover_enabled=\u00bboff\u00bb button_one_border_color__hover_enabled=\u00bboff\u00bb button_two_border_color__hover_enabled=\u00bboff\u00bb button_one_border_radius__hover_enabled=\u00bbon\u00bb button_one_border_radius__hover=\u00bb100px\u00bb button_two_border_radius__hover_enabled=\u00bbon\u00bb button_two_border_radius__hover=\u00bb100px\u00bb button_one_letter_spacing__hover_enabled=\u00bboff\u00bb button_two_letter_spacing__hover_enabled=\u00bboff\u00bb button_one_bg_color__hover_enabled=\u00bbon\u00bb button_one_bg_color__hover=\u00bb#ff8a70&#8243; button_two_bg_color__hover_enabled=\u00bbon\u00bb button_two_bg_color__hover=\u00bb#ff8a70&#8243; width__hover_enabled=\u00bbon|desktop\u00bb max_width__hover_enabled=\u00bbon|desktop\u00bb width__hover=\u00bb100%\u00bb text_shadow_horizontal_length__hover_enabled=\u00bbon|desktop\u00bb text_shadow_horizontal_length__hover=\u00bb-0.21em\u00bb custom_padding__hover_enabled=\u00bbon|desktop\u00bb custom_padding__hover=\u00bb4vw||20vw||false|false\u00bb sticky_enabled=\u00bb0&#8243;][\/et_pb_fullwidth_header][\/et_pb_section][et_pb_section fb_built=\u00bb1&#8243; admin_label=\u00bbContact Section\u00bb _builder_version=\u00bb4.20.2&#8243; background_image=\u00bbhttps:\/\/colegiooctaviopaz.edu.ec\/wp-content\/uploads\/2023\/03\/Fondo-SliderOP01.png\u00bb parallax=\u00bbon\u00bb custom_margin=\u00bb-2px|||||\u00bb custom_padding=\u00bb12px||11px|||\u00bb global_colors_info=\u00bb{}\u00bb][et_pb_row column_structure=\u00bb2_5,3_5&#8243; _builder_version=\u00bb4.20.2&#8243; _module_preset=\u00bbdefault\u00bb global_colors_info=\u00bb{}\u00bb][et_pb_column type=\u00bb2_5&#8243; _builder_version=\u00bb4.20.2&#8243; _module_preset=\u00bbdefault\u00bb global_colors_info=\u00bb{}\u00bb][et_pb_cta title=\u00bbInversi\u00f3n en tu educaci\u00f3n\u00bb button_text=\u00bbClics\u00bb _builder_version=\u00bb4.20.2&#8243; _module_preset=\u00bbdefault\u00bb header_text_color=\u00bb#FFFFFF\u00bb header_font_size=\u00bb27px\u00bb body_text_color=\u00bb#FFFFFF\u00bb body_font_size=\u00bb16px\u00bb background_color=\u00bb#E09900&#8243; custom_padding=\u00bb||18px|||\u00bb global_colors_info=\u00bb{}\u00bb]<\/p>\n<p>\u00abEn nuestra instituci\u00f3n, creemos que invertir en tu educaci\u00f3n es invertir en tu futuro. Por eso, ofrecemos costos accesibles para que puedas alcanzar tus metas acad\u00e9micas y profesionales\u00bb.<\/p>\n<p>[\/et_pb_cta][et_pb_pricing_tables _builder_version=\u00bb4.20.2&#8243; _module_preset=\u00bbdefault\u00bb min_height=\u00bb249.4px\u00bb custom_margin=\u00bb-5px||-5px||false|false\u00bb custom_padding=\u00bb7px||||false|false\u00bb global_colors_info=\u00bb{}\u00bb][et_pb_pricing_table title=\u00bbB\u00e1sica Superior\u00bb subtitle=\u00bb(8vo a 10mo)\u00bb currency=\u00bb$\u00bb bullet_color=\u00bb#E02B20&#8243; header_background_color=\u00bb#000000&#8243; _builder_version=\u00bb4.20.2&#8243; _module_preset=\u00bbdefault\u00bb body_text_color=\u00bb#000000&#8243; body_font_size=\u00bb16px\u00bb currency_frequency_text_color=\u00bb#000000&#8243; currency_frequency_font_size=\u00bb20px\u00bb global_colors_info=\u00bb{}\u00bb sticky_transition=\u00bbon\u00bb]<\/p>\n<p>Valor de Matr\u00edcula $ 31.83<\/p>\n<p>Valor de Pensi\u00f3n $ 50.93<\/p>\n<p>[\/et_pb_pricing_table][et_pb_pricing_table title=\u00bbBachillerato\u00bb subtitle=\u00bb(1ero a 3ero)\u00bb currency=\u00bb$\u00bb bullet_color=\u00bb#7CDA24&#8243; header_background_color=\u00bb#000000&#8243; _builder_version=\u00bb4.20.2&#8243; _module_preset=\u00bbdefault\u00bb price_text_color=\u00bb#000000&#8243; header_text_color=\u00bb#FFFFFF\u00bb body_text_color=\u00bb#000000&#8243; body_font_size=\u00bb16px\u00bb currency_frequency_text_color=\u00bb#000000&#8243; currency_frequency_font_size=\u00bb20px\u00bb global_colors_info=\u00bb{}\u00bb sticky_transition=\u00bbon\u00bb]<\/p>\n<p>Valor de Matr\u00edcula $ 31.80<\/p>\n<p>Valor de Pensi\u00f3n $ 50.88<\/p>\n<p>[\/et_pb_pricing_table][\/et_pb_pricing_tables][\/et_pb_column][et_pb_column type=\u00bb3_5&#8243; _builder_version=\u00bb4.20.2&#8243; _module_preset=\u00bbdefault\u00bb global_colors_info=\u00bb{}\u00bb][et_pb_cta title=\u00bbResoluci\u00f3n de Costos\u00bb button_text=\u00bbClics\u00bb _builder_version=\u00bb4.20.2&#8243; _module_preset=\u00bbdefault\u00bb header_text_color=\u00bb#000000&#8243; header_font_size=\u00bb27px\u00bb background_color=\u00bb#FFFFFF\u00bb min_height=\u00bb50px\u00bb custom_padding=\u00bb23px||0px|||\u00bb global_colors_info=\u00bb{}\u00bb][\/et_pb_cta][et_pb_image src=\u00bbhttps:\/\/colegiooctaviopaz.edu.ec\/wp-content\/uploads\/2023\/03\/ResolucionCostos-OPAZ.png\u00bb title_text=\u00bbResolucionCostos OPAZ\u00bb align=\u00bbcenter\u00bb _builder_version=\u00bb4.20.2&#8243; _module_preset=\u00bbdefault\u00bb module_alignment=\u00bbcenter\u00bb min_height=\u00bb545.5px\u00bb custom_margin=\u00bb||1px|||\u00bb custom_padding=\u00bb||4px|||\u00bb box_shadow_style=\u00bbpreset6&#8243; box_shadow_horizontal=\u00bb2px\u00bb global_colors_info=\u00bb{}\u00bb][\/et_pb_image][\/et_pb_column][\/et_pb_row][\/et_pb_section][et_pb_section fb_built=\u00bb1&#8243; fullwidth=\u00bbon\u00bb admin_label=\u00bbMap Section\u00bb _builder_version=\u00bb4.20.2&#8243; module_alignment=\u00bbcenter\u00bb custom_margin=\u00bb0px|||0px|false|false\u00bb module_alignment_last_edited=\u00bboff|desktop\u00bb global_colors_info=\u00bb{}\u00bb][\/et_pb_section]<\/p>\n","protected":false},"excerpt":{"rendered":"<p>\u00abEn nuestra instituci\u00f3n, creemos que invertir en tu educaci\u00f3n es invertir en tu futuro. Por eso, ofrecemos costos accesibles para que puedas alcanzar tus metas acad\u00e9micas y profesionales\u00bb.Valor de Matr\u00edcula $ 31.83 Valor de Pensi\u00f3n $ 50.93Valor de Matr\u00edcula $ 31.80 Valor de Pensi\u00f3n $ 50.88<\/p>\n","protected":false},"author":1,"featured_media":0,"parent":0,"menu_order":0,"comment_status":"closed","ping_status":"closed","template":"","meta":{"_et_pb_use_builder":"on","_et_pb_old_content":"","_et_gb_content_width":"","footnotes":""},"class_list":["post-461","page","type-page","status-publish","hentry"],"_links":{"self":[{"href":"https:\/\/colegiooctaviopaz.edu.ec\/index.php\/wp-json\/wp\/v2\/pages\/461","targetHints":{"allow":["GET"]}}],"collection":[{"href":"https:\/\/colegiooctaviopaz.edu.ec\/index.php\/wp-json\/wp\/v2\/pages"}],"about":[{"href":"https:\/\/colegiooctaviopaz.edu.ec\/index.php\/wp-json\/wp\/v2\/types\/page"}],"author":[{"embeddable":true,"href":"https:\/\/colegiooctaviopaz.edu.ec\/index.php\/wp-json\/wp\/v2\/users\/1"}],"replies":[{"embeddable":true,"href":"https:\/\/colegiooctaviopaz.edu.ec\/index.php\/wp-json\/wp\/v2\/comments?post=461"}],"version-history":[{"count":12,"href":"https:\/\/colegiooctaviopaz.edu.ec\/index.php\/wp-json\/wp\/v2\/pages\/461\/revisions"}],"predecessor-version":[{"id":579,"href":"https:\/\/colegiooctaviopaz.edu.ec\/index.php\/wp-json\/wp\/v2\/pages\/461\/revisions\/579"}],"wp:attachment":[{"href":"https:\/\/colegiooctaviopaz.edu.ec\/index.php\/wp-json\/wp\/v2\/media?parent=461"}],"curies":[{"name":"wp","href":"https:\/\/api.w.org\/{rel}","templated":true}]}}